{"id":29,"date":"2021-08-18T09:00:41","date_gmt":"2021-08-18T01:00:41","guid":{"rendered":"http:\/\/gao.wfu.edu.tw\/sawu\/?page_id=29"},"modified":"2025-08-15T12:12:54","modified_gmt":"2025-08-15T04:12:54","slug":"%e5%ae%bf%e8%88%8d%e9%9b%bb%e8%b2%bb","status":"publish","type":"page","link":"https:\/\/gao.wfu.edu.tw\/sawu\/?page_id=29","title":{"rendered":"\u5bbf\u820d\u51b7\u6c23\u96fb\u8cbb"},"content":{"rendered":"\t\t<div data-elementor-type=\"wp-page\" data-elementor-id=\"29\" class=\"elementor elementor-29\">\n\t\t\t\t\t\t<section class=\"elementor-section elementor-top-section elementor-element elementor-element-67f2aac elementor-section-boxed elementor-section-height-default elementor-section-height-default\" data-id=\"67f2aac\" data-element_type=\"section\">\n\t\t\t\t\t\t<div class=\"elementor-container elementor-column-gap-default\">\n\t\t\t\t\t<div class=\"elementor-column elementor-col-100 elementor-top-column elementor-element elementor-element-fdaebf5\" data-id=\"fdaebf5\" data-element_type=\"column\">\n\t\t\t<div class=\"elementor-widget-wrap elementor-element-populated\">\n\t\t\t\t\t\t<div class=\"elementor-element elementor-element-7659ea4 elementor-widget elementor-widget-text-editor\" data-id=\"7659ea4\" data-element_type=\"widget\" data-widget_type=\"text-editor.default\">\n\t\t\t\t<div class=\"elementor-widget-container\">\n\t\t\t<style>\/*! elementor - v3.22.0 - 17-06-2024 *\/\n.elementor-widget-text-editor.elementor-drop-cap-view-stacked .elementor-drop-cap{background-color:#69727d;color:#fff}.elementor-widget-text-editor.elementor-drop-cap-view-framed .elementor-drop-cap{color:#69727d;border:3px solid;background-color:transparent}.elementor-widget-text-editor:not(.elementor-drop-cap-view-default) .elementor-drop-cap{margin-top:8px}.elementor-widget-text-editor:not(.elementor-drop-cap-view-default) .elementor-drop-cap-letter{width:1em;height:1em}.elementor-widget-text-editor .elementor-drop-cap{float:left;text-align:center;line-height:1;font-size:50px}.elementor-widget-text-editor .elementor-drop-cap-letter{display:inline-block}<\/style>\t\t\t\t<p>\u4e00\u3001\u4f4f\u5bbf\u8005\u53ef\u5411\u7e3d\u52d9\u8655\u4e8b\u52d9\u7d44\u8cfc\u8cb7\u51b7\u6c23\u96fb\u8cbb\u5132\u503c\u7a7a\u5361\uff0c\u6bcf\u5f35\u5132\u503c\u7a7a\u5361100\u5143 \u3002\u00a0<\/p><p>\u4e8c\u3001\u9000\u5bbf\u6216\u96e2\u5bbf\u6642\u53ef\u6301<strong><span style=\"color: #ff0000\">\u51b7\u6c23\u5132\u503c\u5361+\u9918\u984d\u55ae+\u672c\u4eba\u5b58\u647a\u5c01\u9762\u5f71\u672c<\/span><\/strong>\u5230\u4e8b\u52d9\u7d44\u8fa6\u7406\u9000\u8cbb\u3002<\/p><p style=\"padding-left: 40px\">(\u5b78\u751f\u6821\u52d9\u7cfb\u7d71&#8221;S111 \u9280\u884c\u5e33\u6236\u767b\u9304&#8221;\u5df2\u6709\u8cc7\u6599\u8005\u53ef\u4e0d\u9700\u6e96\u5099\u5b58\u647a\u5c01\u9762\u5f71\u672c)<\/p><p>\u4e09\u3001\u7537\u5973\u5bbf\u820d\u5927\u5ef3\u5404\u8a2d\u7f6e\u4e00\u53f0\u51b7\u6c23\u96fb\u8cbb\u5132\u503c\u6a5f\uff0c\u4f9b\u4f4f\u5bbf\u8005\u96a8\u6642\u52a0\u8cfc\u51b7\u6c23\u96fb\u8cbb\u3002<\/p><p style=\"padding-left: 40px\">(\u5982\u5132\u503c\u6a5f\u767c\u751f\u6545\u969c\u8acb\u806f\u7e6b\u5bbf\u820d\u8f14\u5c0e\u54e1\u5411\u7e3d\u52d9\u8655\u4e8b\u52d9\u7d44\u5831\u4fee)<\/p><p>\u56db\u3001\u8cfc\u8cb7\u51b7\u6c23\u5361\u6642\u9593\uff1a\u4e8b\u52d9\u7d44\u9031\u4e00\u81f3\u9031\u4e94 08:00~11:50\uff0c13:10~17:00<\/p>\t\t\t\t\t\t<\/div>\n\t\t\t\t<\/div>\n\t\t\t\t<div class=\"elementor-element elementor-element-c7a66ad elementor-widget elementor-widget-text-editor\" data-id=\"c7a66ad\" data-element_type=\"widget\" data-widget_type=\"text-editor.default\">\n\t\t\t\t<div class=\"elementor-widget-container\">\n\t\t\t\t\t\t\t<p style=\"text-align: center\"><strong style=\"text-align: center\">Nh<\/strong><strong style=\"text-align: center\">\u1eef<\/strong><strong style=\"text-align: center\">ng\u00a0<\/strong><strong style=\"text-align: center\">\u0111<\/strong><strong style=\"text-align: center\">i<\/strong><strong style=\"text-align: center\">\u1ec3<\/strong><strong style=\"text-align: center\">m c<\/strong><strong style=\"text-align: center\">\u1ea7<\/strong><strong style=\"text-align: center\">n l<\/strong><strong style=\"text-align: center\">\u01b0<\/strong><strong style=\"text-align: center\">u\u00a0<\/strong><strong style=\"text-align: center\">\u00fd<\/strong><strong style=\"text-align: center\">\u00a0khi xin c<\/strong><strong style=\"text-align: center\">\u1ea5<\/strong><strong style=\"text-align: center\">p th<\/strong><strong style=\"text-align: center\">\u1ebb<\/strong><strong style=\"text-align: center\">\u00a0m\u00e1y l<\/strong><strong style=\"text-align: center\">\u1ea1<\/strong><strong style=\"text-align: center\">nh cho sinh vi\u00ean n<\/strong><strong style=\"text-align: center\">\u1ed9<\/strong><strong style=\"text-align: center\">i tr\u00fa<\/strong><\/p><p>1.Sinh vi\u00ean c\u00f3 th\u1ec3 mua th\u1ebb \u0111i\u1ec1u h\u00f2a t\u1ea1i v\u0103n ph\u00f2ng s\u1ef1 v\u1ee5, m\u1ed7i th\u1ebb \u0111i\u1ec1u h\u00f2a l\u00e0 $ 100.<\/p><p>2.C\u00f3 m\u00e1y n\u1ea1p ti\u1ec1n th\u1ebb \u0111i\u1ec1u h\u00f2a t\u1ea1i s\u1ea3nh k\u00fd t\u00fac x\u00e1, c\u00f3 th\u1ec3 n\u1ea1p b\u1ea5t c\u1ee9 l\u00fac n\u00e0o.<\/p><p>(N\u1ebfu m\u00e1y l\u00e0m th\u1ee7 t\u1ee5c b\u1ecb l\u1ed7i, vui l\u00f2ng li\u00ean h\u1ec7 v\u1edbi nh\u00e2n vi\u00ean t\u01b0 v\u1ea5n k\u00fd t\u00fac x\u00e1)<\/p><p>3.Khi tr\u1ea3 ph\u00f2ng, b\u1ea1n c\u00f3 th\u1ec3 mang theo th\u1ebb \u0111i\u1ec1u h\u00f2a + phi\u1ebfu d\u01b0 + b\u1ea3n sao b\u00eca s\u1ed5 ti\u1ebft ki\u1ec7m c\u1ee7a b\u1ea1n \u0111\u1ebfn v\u0103n ph\u00f2ng \u0111\u1ec3 l\u00e0m th\u1ee7 t\u1ee5c ho\u00e0n ti\u1ec1n.<\/p><p>Th\u1eddi gian mua th\u1ebb \u0111i\u1ec1u h\u00f2a: Th\u1ee9 2 \u0111\u1ebfn th\u1ee9 6, s\u00e1ng 08: 00 ~ 11: 50, chi\u1ec1u 13: 10 ~ 17:00<\/p>\t\t\t\t\t\t<\/div>\n\t\t\t\t<\/div>\n\t\t\t\t<div class=\"elementor-element elementor-element-a8dfe6e elementor-widget elementor-widget-text-editor\" data-id=\"a8dfe6e\" data-element_type=\"widget\" data-widget_type=\"text-editor.default\">\n\t\t\t\t<div class=\"elementor-widget-container\">\n\t\t\t\t\t\t\t<ul><li><a style=\"color: #607d8b\" href=\"https:\/\/laws.wfu.edu.tw\/\">\u5b78\u751f\u5bbf\u820d\u96fb\u8cbb\u6536\u8cbb\u57f7\u884c\u8981\u9ede<\/a><\/li><li><a style=\"color: #607d8b\" href=\"http:\/\/gao.wfu.edu.tw\/clerk\/?page_id=86\">\u5b78\u751f\u9280\u884c\u5e33\u6236\u7dda\u4e0a\u6559\u5b78<\/a><\/li><li style=\"text-align: left\"><strong>107\u5b78\u5e74\u5ea6\u57f7\u884c\u8cfc\u8cb7\u96fb\u8cbb\u5132\u503c\u5361<\/strong><\/li><\/ul>\t\t\t\t\t\t<\/div>\n\t\t\t\t<\/div>\n\t\t\t\t\t<\/div>\n\t\t<\/div>\n\t\t\t\t\t<\/div>\n\t\t<\/section>\n\t\t\t\t<\/div>\n\t\t","protected":false},"excerpt":{"rendered":"<p>\u4e00\u3001\u4f4f\u5bbf\u8005\u53ef\u5411\u7e3d\u52d9\u8655\u4e8b\u52d9\u7d44\u8cfc\u8cb7\u51b7\u6c23\u96fb\u8cbb\u5132\u503c\u7a7a\u5361\uff0c\u6bcf\u5f35\u5132\u503c\u7a7a\u5361100\u5143 \u3002\u00a0 \u4e8c\u3001\u9000\u5bbf\u6216\u96e2\u5bbf\u6642\u53ef\u6301\u51b7\u6c23\u5132\u503c\u5361+\u9918\u984d\u55ae+\u672c\u4eba\u5b58\u647a\u5c01\u9762\u5f71\u672c\u5230\u4e8b\u52d9\u7d44\u8fa6\u7406\u9000\u8cbb\u3002 (\u5b78\u751f\u6821&#8230;<\/p>\n<p class=\"read-more\"><a class=\"btn btn-default\" href=\"https:\/\/gao.wfu.edu.tw\/sawu\/?page_id=29\"> Read More<span class=\"screen-reader-text\">  Read More<\/span><\/a><\/p>\n","protected":false},"author":5,"featured_media":0,"parent":0,"menu_order":0,"comment_status":"closed","ping_status":"closed","template":"","meta":[],"_links":{"self":[{"href":"https:\/\/gao.wfu.edu.tw\/sawu\/index.php?rest_route=\/wp\/v2\/pages\/29"}],"collection":[{"href":"https:\/\/gao.wfu.edu.tw\/sawu\/index.php?rest_route=\/wp\/v2\/pages"}],"about":[{"href":"https:\/\/gao.wfu.edu.tw\/sawu\/index.php?rest_route=\/wp\/v2\/types\/page"}],"author":[{"embeddable":true,"href":"https:\/\/gao.wfu.edu.tw\/sawu\/index.php?rest_route=\/wp\/v2\/users\/5"}],"replies":[{"embeddable":true,"href":"https:\/\/gao.wfu.edu.tw\/sawu\/index.php?rest_route=%2Fwp%2Fv2%2Fcomments&post=29"}],"version-history":[{"count":146,"href":"https:\/\/gao.wfu.edu.tw\/sawu\/index.php?rest_route=\/wp\/v2\/pages\/29\/revisions"}],"predecessor-version":[{"id":3501,"href":"https:\/\/gao.wfu.edu.tw\/sawu\/index.php?rest_route=\/wp\/v2\/pages\/29\/revisions\/3501"}],"wp:attachment":[{"href":"https:\/\/gao.wfu.edu.tw\/sawu\/index.php?rest_route=%2Fwp%2Fv2%2Fmedia&parent=29"}],"curies":[{"name":"wp","href":"https:\/\/api.w.org\/{rel}","templated":true}]}}